{"id":224,"date":"2025-10-06T12:57:51","date_gmt":"2025-10-06T10:57:51","guid":{"rendered":"https:\/\/www.vynkdesign.com\/?page_id=224"},"modified":"2026-04-22T14:28:50","modified_gmt":"2026-04-22T12:28:50","slug":"kariera","status":"publish","type":"page","link":"https:\/\/www.vynkdesign.com\/cs\/kariera\/","title":{"rendered":"Kari\u00e9ra"},"content":{"rendered":"\t\t<div data-elementor-type=\"wp-page\" data-elementor-id=\"224\" class=\"elementor elementor-224\" data-elementor-post-type=\"page\">\n\t\t\t\t<div class=\"elementor-element elementor-element-bf447d1 pt-80 pb-80 e-flex e-con-boxed e-con e-parent\" data-id=\"bf447d1\" data-element_type=\"container\" data-e-type=\"container\">\n\t\t\t\t\t<div class=\"e-con-inner\">\n\t\t\t\t<div class=\"elementor-element elementor-element-b7a82c8 elementor-widget elementor-widget-heading\" data-id=\"b7a82c8\" data-element_type=\"widget\" data-e-type=\"widget\" data-widget_type=\"heading.default\">\n\t\t\t\t\t<h1 class=\"elementor-heading-title elementor-size-default\">Kari\u00e9ra<\/h1>\t\t\t\t<\/div>\n\t\t\t\t<div class=\"elementor-element elementor-element-03d9621 elementor-widget elementor-widget-text-editor\" data-id=\"03d9621\" data-element_type=\"widget\" data-e-type=\"widget\" data-widget_type=\"text-editor.default\">\n\t\t\t\t\t\t\t\t\t<p>P\u0159idejte se do na\u0161eho t\u00fdmu! Aktu\u00e1ln\u011b hled\u00e1me kandid\u00e1ty na n\u00e1sleduj\u00edc\u00ed pozice:<\/p>\t\t\t\t\t\t\t\t<\/div>\n\t\t<div class=\"elementor-element elementor-element-ae65fcf e-con-full e-flex e-con e-child\" data-id=\"ae65fcf\" data-element_type=\"container\" data-e-type=\"container\">\n\t\t<div class=\"elementor-element elementor-element-75ccb44 e-con-full e-flex e-con e-child\" data-id=\"75ccb44\" data-element_type=\"container\" data-e-type=\"container\">\n\t\t\t\t<\/div>\n\t\t<div class=\"elementor-element elementor-element-e1abdc7 e-con-full e-flex e-con e-child\" data-id=\"e1abdc7\" data-element_type=\"container\" data-e-type=\"container\">\n\t\t\t\t<div class=\"elementor-element elementor-element-860a77a pracovni-pozice elementor-cta--skin-classic elementor-animated-content elementor-widget elementor-widget-call-to-action\" data-id=\"860a77a\" data-element_type=\"widget\" data-e-type=\"widget\" data-widget_type=\"call-to-action.default\">\n\t\t\t\t\t\t\t<a class=\"elementor-cta\" href=\"\/wp-content\/uploads\/2025\/10\/vynk-design-pracovnik-truhlarske-vyroby.pdf\">\n\t\t\t\t\t\t\t<div class=\"elementor-cta__content\">\n\t\t\t\t\t\t\t\t\t<div class=\"elementor-content-item elementor-cta__content-item elementor-icon-wrapper elementor-cta__icon elementor-view-default\">\n\t\t\t\t\t\t<div class=\"elementor-icon\">\n\t\t\t\t\t\t\t<svg aria-hidden=\"true\" class=\"e-font-icon-svg e-fas-file-pdf\" viewBox=\"0 0 384 512\" xmlns=\"http:\/\/www.w3.org\/2000\/svg\"><path d=\"M181.9 256.1c-5-16-4.9-46.9-2-46.9 8.4 0 7.6 36.9 2 46.9zm-1.7 47.2c-7.7 20.2-17.3 43.3-28.4 62.7 18.3-7 39-17.2 62.9-21.9-12.7-9.6-24.9-23.4-34.5-40.8zM86.1 428.1c0 .8 13.2-5.4 34.9-40.2-6.7 6.3-29.1 24.5-34.9 40.2zM248 160h136v328c0 13.3-10.7 24-24 24H24c-13.3 0-24-10.7-24-24V24C0 10.7 10.7 0 24 0h200v136c0 13.2 10.8 24 24 24zm-8 171.8c-20-12.2-33.3-29-42.7-53.8 4.5-18.5 11.6-46.6 6.2-64.2-4.7-29.4-42.4-26.5-47.8-6.8-5 18.3-.4 44.1 8.1 77-11.6 27.6-28.7 64.6-40.8 85.8-.1 0-.1.1-.2.1-27.1 13.9-73.6 44.5-54.5 68 5.6 6.9 16 10 21.5 10 17.9 0 35.7-18 61.1-61.8 25.8-8.5 54.1-19.1 79-23.2 21.7 11.8 47.1 19.5 64 19.5 29.2 0 31.2-32 19.7-43.4-13.9-13.6-54.3-9.7-73.6-7.2zM377 105L279 7c-4.5-4.5-10.6-7-17-7h-6v128h128v-6.1c0-6.3-2.5-12.4-7-16.9zm-74.1 255.3c4.1-2.7-2.5-11.9-42.8-9 37.1 15.8 42.8 9 42.8 9z\"><\/path><\/svg>\t\t\t\t\t\t<\/div>\n\t\t\t\t\t<\/div>\n\t\t\t\t\n\t\t\t\t\t\t\t\t\t<h3 class=\"elementor-cta__title elementor-cta__content-item elementor-content-item\">\n\t\t\t\t\t\tPracovn\u00edk truhl\u00e1\u0159sk\u00e9 v\u00fdroby\t\t\t\t\t<\/h3>\n\t\t\t\t\n\t\t\t\t\n\t\t\t\t\t\t\t\t\t<div class=\"elementor-cta__button-wrapper elementor-cta__content-item elementor-content-item \">\n\t\t\t\t\t<span class=\"elementor-cta__button elementor-button elementor-size-\">\n\t\t\t\t\t\tV\u00edce informac\u00ed\t\t\t\t\t<\/span>\n\t\t\t\t\t<\/div>\n\t\t\t\t\t\t\t<\/div>\n\t\t\t\t\t\t\t<div class=\"elementor-ribbon\">\n\t\t\t\t<div class=\"elementor-ribbon-inner\">\n\t\t\t\t\tAktu\u00e1ln\u00ed\t\t\t\t<\/div>\n\t\t\t<\/div>\n\t\t\t\t<\/a>\n\t\t\t\t\t\t<\/div>\n\t\t\t\t<\/div>\n\t\t<div class=\"elementor-element elementor-element-5f0a545 e-con-full e-flex e-con e-child\" data-id=\"5f0a545\" data-element_type=\"container\" data-e-type=\"container\">\n\t\t\t\t<\/div>\n\t\t\t\t<\/div>\n\t\t\t\t\t<\/div>\n\t\t\t\t<\/div>\n\t\t<div class=\"elementor-element elementor-element-20aa822 pt-80 pb-80 grey-background e-flex e-con-boxed e-con e-parent\" data-id=\"20aa822\" data-element_type=\"container\" data-e-type=\"container\">\n\t\t\t\t\t<div class=\"e-con-inner\">\n\t\t\t\t<div class=\"elementor-element elementor-element-aaf3b11 elementor-widget elementor-widget-heading\" data-id=\"aaf3b11\" data-element_type=\"widget\" data-e-type=\"widget\" data-widget_type=\"heading.default\">\n\t\t\t\t\t<h2 class=\"elementor-heading-title elementor-size-default\">V p\u0159\u00edpad\u011b z\u00e1jmu n\u00e1s kontaktujte<\/h2>\t\t\t\t<\/div>\n\t\t<div class=\"elementor-element elementor-element-cac8a04 e-grid e-con-full mw-700 e-con e-child\" data-id=\"cac8a04\" data-element_type=\"container\" data-e-type=\"container\">\n\t\t\t\t<div class=\"elementor-element elementor-element-3defe89 elementor-position-inline-start pozice-cta elementor-view-default elementor-mobile-position-block-start elementor-widget elementor-widget-icon-box\" data-id=\"3defe89\" data-element_type=\"widget\" data-e-type=\"widget\" data-widget_type=\"icon-box.default\">\n\t\t\t\t\t\t\t<div class=\"elementor-icon-box-wrapper\">\n\n\t\t\t\t\t\t<div class=\"elementor-icon-box-icon\">\n\t\t\t\t<a href=\"tel:+420606703595\" class=\"elementor-icon\" tabindex=\"-1\" aria-label=\"+420 606 703 595\">\n\t\t\t\t<svg aria-hidden=\"true\" class=\"e-font-icon-svg e-fas-phone\" viewBox=\"0 0 512 512\" xmlns=\"http:\/\/www.w3.org\/2000\/svg\"><path d=\"M493.4 24.6l-104-24c-11.3-2.6-22.9 3.3-27.5 13.9l-48 112c-4.2 9.8-1.4 21.3 6.9 28l60.6 49.6c-36 76.7-98.9 140.5-177.2 177.2l-49.6-60.6c-6.8-8.3-18.2-11.1-28-6.9l-112 48C3.9 366.5-2 378.1.6 389.4l24 104C27.1 504.2 36.7 512 48 512c256.1 0 464-207.5 464-464 0-11.2-7.7-20.9-18.6-23.4z\"><\/path><\/svg>\t\t\t\t<\/a>\n\t\t\t<\/div>\n\t\t\t\n\t\t\t\t\t\t<div class=\"elementor-icon-box-content\">\n\n\t\t\t\t\t\t\t\t\t<h4 class=\"elementor-icon-box-title\">\n\t\t\t\t\t\t<a href=\"tel:+420606703595\" >\n\t\t\t\t\t\t\t+420 606 703 595\t\t\t\t\t\t<\/a>\n\t\t\t\t\t<\/h4>\n\t\t\t\t\n\t\t\t\t\t\t\t\t\t<p class=\"elementor-icon-box-description\">\n\t\t\t\t\t\t(pracovn\u00ed dny od 8:00 do 15:00)\n\t\t\t\t\t<\/p>\n\t\t\t\t\n\t\t\t<\/div>\n\t\t\t\n\t\t<\/div>\n\t\t\t\t\t\t<\/div>\n\t\t\t\t<div class=\"elementor-element elementor-element-68ba29e elementor-position-inline-start pozice-cta elementor-view-default elementor-mobile-position-block-start elementor-widget elementor-widget-icon-box\" data-id=\"68ba29e\" data-element_type=\"widget\" data-e-type=\"widget\" data-widget_type=\"icon-box.default\">\n\t\t\t\t\t\t\t<div class=\"elementor-icon-box-wrapper\">\n\n\t\t\t\t\t\t<div class=\"elementor-icon-box-icon\">\n\t\t\t\t<a href=\"mailto:info@vynkdesign.com\" class=\"elementor-icon\" tabindex=\"-1\" aria-label=\"info@vynkdesign.com\">\n\t\t\t\t<svg aria-hidden=\"true\" class=\"e-font-icon-svg e-fas-envelope\" viewBox=\"0 0 512 512\" xmlns=\"http:\/\/www.w3.org\/2000\/svg\"><path d=\"M502.3 190.8c3.9-3.1 9.7-.2 9.7 4.7V400c0 26.5-21.5 48-48 48H48c-26.5 0-48-21.5-48-48V195.6c0-5 5.7-7.8 9.7-4.7 22.4 17.4 52.1 39.5 154.1 113.6 21.1 15.4 56.7 47.8 92.2 47.6 35.7.3 72-32.8 92.3-47.6 102-74.1 131.6-96.3 154-113.7zM256 320c23.2.4 56.6-29.2 73.4-41.4 132.7-96.3 142.8-104.7 173.4-128.7 5.8-4.5 9.2-11.5 9.2-18.9v-19c0-26.5-21.5-48-48-48H48C21.5 64 0 85.5 0 112v19c0 7.4 3.4 14.3 9.2 18.9 30.6 23.9 40.7 32.4 173.4 128.7 16.8 12.2 50.2 41.8 73.4 41.4z\"><\/path><\/svg>\t\t\t\t<\/a>\n\t\t\t<\/div>\n\t\t\t\n\t\t\t\t\t\t<div class=\"elementor-icon-box-content\">\n\n\t\t\t\t\t\t\t\t\t<h4 class=\"elementor-icon-box-title\">\n\t\t\t\t\t\t<a href=\"mailto:info@vynkdesign.com\" >\n\t\t\t\t\t\t\tinfo@vynkdesign.com\t\t\t\t\t\t<\/a>\n\t\t\t\t\t<\/h4>\n\t\t\t\t\n\t\t\t\t\n\t\t\t<\/div>\n\t\t\t\n\t\t<\/div>\n\t\t\t\t\t\t<\/div>\n\t\t\t\t<\/div>\n\t\t\t\t\t<\/div>\n\t\t\t\t<\/div>\n\t\t\t\t<\/div>\n\t\t","protected":false},"excerpt":{"rendered":"<p>Kari\u00e9ra P\u0159idejte se do na\u0161eho t\u00fdmu! Aktu\u00e1ln\u011b hled\u00e1me kandid\u00e1ty na n\u00e1sleduj\u00edc\u00ed pozice: Pracovn\u00edk truhl\u00e1\u0159sk\u00e9 v\u00fdroby V\u00edce informac\u00ed Aktu\u00e1ln\u00ed V p\u0159\u00edpad\u011b z\u00e1jmu n\u00e1s kontaktujte +420 606 703 595 (pracovn\u00ed dny od 8:00 do 15:00) info@vynkdesign.com<\/p>\n","protected":false},"author":1,"featured_media":0,"parent":0,"menu_order":2,"comment_status":"closed","ping_status":"closed","template":"","meta":{"inline_featured_image":false,"footnotes":""},"class_list":["post-224","page","type-page","status-publish","hentry"],"yoast_head":"<!-- This site is optimized with the Yoast SEO plugin v27.4 - https:\/\/yoast.com\/product\/yoast-seo-wordpress\/ -->\n<title>Kari\u00e9ra ve VYNK Design | Voln\u00e1 pracovn\u00ed m\u00edsta<\/title>\n<meta name=\"description\" content=\"Hled\u00e1te pr\u00e1ci se d\u0159evem ve stabiln\u00ed \u010desk\u00e9 rodinn\u00e9 firm\u011b? Prohl\u00e9dn\u011bte si aktu\u00e1ln\u00ed voln\u00e9 pozice ve VYNK Design a p\u0159idejte se k na\u0161emu t\u00fdmu v truhl\u00e1\u0159sk\u00e9 v\u00fdrob\u011b.\" \/>\n<meta name=\"robots\" content=\"index, follow, max-snippet:-1, max-image-preview:large, max-video-preview:-1\" \/>\n<link rel=\"canonical\" href=\"https:\/\/www.vynkdesign.com\/cs\/kariera\/\" \/>\n<meta property=\"og:locale\" content=\"cs_CZ\" \/>\n<meta property=\"og:type\" content=\"article\" \/>\n<meta property=\"og:title\" content=\"Kari\u00e9ra ve VYNK Design | Voln\u00e1 pracovn\u00ed m\u00edsta\" \/>\n<meta property=\"og:description\" content=\"Hled\u00e1te pr\u00e1ci se d\u0159evem ve stabiln\u00ed \u010desk\u00e9 rodinn\u00e9 firm\u011b? Prohl\u00e9dn\u011bte si aktu\u00e1ln\u00ed voln\u00e9 pozice ve VYNK Design a p\u0159idejte se k na\u0161emu t\u00fdmu v truhl\u00e1\u0159sk\u00e9 v\u00fdrob\u011b.\" \/>\n<meta property=\"og:url\" content=\"https:\/\/www.vynkdesign.com\/cs\/kariera\/\" \/>\n<meta property=\"og:site_name\" content=\"VYNK design\" \/>\n<meta property=\"article:modified_time\" content=\"2026-04-22T12:28:50+00:00\" \/>\n<meta name=\"twitter:card\" content=\"summary_large_image\" \/>\n<meta name=\"twitter:label1\" content=\"Odhadovan\u00e1 doba \u010dten\u00ed\" \/>\n\t<meta name=\"twitter:data1\" content=\"1 minuta\" \/>\n<script type=\"application\/ld+json\" class=\"yoast-schema-graph\">{\"@context\":\"https:\\\/\\\/schema.org\",\"@graph\":[{\"@type\":\"WebPage\",\"@id\":\"https:\\\/\\\/www.vynkdesign.com\\\/cs\\\/kariera\\\/\",\"url\":\"https:\\\/\\\/www.vynkdesign.com\\\/cs\\\/kariera\\\/\",\"name\":\"Kari\u00e9ra ve VYNK Design | Voln\u00e1 pracovn\u00ed m\u00edsta\",\"isPartOf\":{\"@id\":\"https:\\\/\\\/www.vynkdesign.com\\\/cs\\\/#website\"},\"datePublished\":\"2025-10-06T10:57:51+00:00\",\"dateModified\":\"2026-04-22T12:28:50+00:00\",\"description\":\"Hled\u00e1te pr\u00e1ci se d\u0159evem ve stabiln\u00ed \u010desk\u00e9 rodinn\u00e9 firm\u011b? Prohl\u00e9dn\u011bte si aktu\u00e1ln\u00ed voln\u00e9 pozice ve VYNK Design a p\u0159idejte se k na\u0161emu t\u00fdmu v truhl\u00e1\u0159sk\u00e9 v\u00fdrob\u011b.\",\"breadcrumb\":{\"@id\":\"https:\\\/\\\/www.vynkdesign.com\\\/cs\\\/kariera\\\/#breadcrumb\"},\"inLanguage\":\"cs\",\"potentialAction\":[{\"@type\":\"ReadAction\",\"target\":[\"https:\\\/\\\/www.vynkdesign.com\\\/cs\\\/kariera\\\/\"]}]},{\"@type\":\"BreadcrumbList\",\"@id\":\"https:\\\/\\\/www.vynkdesign.com\\\/cs\\\/kariera\\\/#breadcrumb\",\"itemListElement\":[{\"@type\":\"ListItem\",\"position\":1,\"name\":\"Home\",\"item\":\"https:\\\/\\\/www.vynkdesign.com\\\/cs\\\/\"},{\"@type\":\"ListItem\",\"position\":2,\"name\":\"Kari\u00e9ra\"}]},{\"@type\":\"WebSite\",\"@id\":\"https:\\\/\\\/www.vynkdesign.com\\\/cs\\\/#website\",\"url\":\"https:\\\/\\\/www.vynkdesign.com\\\/cs\\\/\",\"name\":\"VYNK design\",\"description\":\"\",\"publisher\":{\"@id\":\"https:\\\/\\\/www.vynkdesign.com\\\/cs\\\/#organization\"},\"potentialAction\":[{\"@type\":\"SearchAction\",\"target\":{\"@type\":\"EntryPoint\",\"urlTemplate\":\"https:\\\/\\\/www.vynkdesign.com\\\/cs\\\/?s={search_term_string}\"},\"query-input\":{\"@type\":\"PropertyValueSpecification\",\"valueRequired\":true,\"valueName\":\"search_term_string\"}}],\"inLanguage\":\"cs\"},{\"@type\":\"Organization\",\"@id\":\"https:\\\/\\\/www.vynkdesign.com\\\/cs\\\/#organization\",\"name\":\"VYNK design\",\"url\":\"https:\\\/\\\/www.vynkdesign.com\\\/cs\\\/\",\"logo\":{\"@type\":\"ImageObject\",\"inLanguage\":\"cs\",\"@id\":\"https:\\\/\\\/www.vynkdesign.com\\\/cs\\\/#\\\/schema\\\/logo\\\/image\\\/\",\"url\":\"https:\\\/\\\/www.vynkdesign.com\\\/wp-content\\\/uploads\\\/2025\\\/09\\\/vynkdesign-logo.svg\",\"contentUrl\":\"https:\\\/\\\/www.vynkdesign.com\\\/wp-content\\\/uploads\\\/2025\\\/09\\\/vynkdesign-logo.svg\",\"width\":808,\"height\":625,\"caption\":\"VYNK design\"},\"image\":{\"@id\":\"https:\\\/\\\/www.vynkdesign.com\\\/cs\\\/#\\\/schema\\\/logo\\\/image\\\/\"}}]}<\/script>\n<!-- \/ Yoast SEO plugin. -->","yoast_head_json":{"title":"Kari\u00e9ra ve VYNK Design | Voln\u00e1 pracovn\u00ed m\u00edsta","description":"Hled\u00e1te pr\u00e1ci se d\u0159evem ve stabiln\u00ed \u010desk\u00e9 rodinn\u00e9 firm\u011b? Prohl\u00e9dn\u011bte si aktu\u00e1ln\u00ed voln\u00e9 pozice ve VYNK Design a p\u0159idejte se k na\u0161emu t\u00fdmu v truhl\u00e1\u0159sk\u00e9 v\u00fdrob\u011b.","robots":{"index":"index","follow":"follow","max-snippet":"max-snippet:-1","max-image-preview":"max-image-preview:large","max-video-preview":"max-video-preview:-1"},"canonical":"https:\/\/www.vynkdesign.com\/cs\/kariera\/","og_locale":"cs_CZ","og_type":"article","og_title":"Kari\u00e9ra ve VYNK Design | Voln\u00e1 pracovn\u00ed m\u00edsta","og_description":"Hled\u00e1te pr\u00e1ci se d\u0159evem ve stabiln\u00ed \u010desk\u00e9 rodinn\u00e9 firm\u011b? Prohl\u00e9dn\u011bte si aktu\u00e1ln\u00ed voln\u00e9 pozice ve VYNK Design a p\u0159idejte se k na\u0161emu t\u00fdmu v truhl\u00e1\u0159sk\u00e9 v\u00fdrob\u011b.","og_url":"https:\/\/www.vynkdesign.com\/cs\/kariera\/","og_site_name":"VYNK design","article_modified_time":"2026-04-22T12:28:50+00:00","twitter_card":"summary_large_image","twitter_misc":{"Odhadovan\u00e1 doba \u010dten\u00ed":"1 minuta"},"schema":{"@context":"https:\/\/schema.org","@graph":[{"@type":"WebPage","@id":"https:\/\/www.vynkdesign.com\/cs\/kariera\/","url":"https:\/\/www.vynkdesign.com\/cs\/kariera\/","name":"Kari\u00e9ra ve VYNK Design | Voln\u00e1 pracovn\u00ed m\u00edsta","isPartOf":{"@id":"https:\/\/www.vynkdesign.com\/cs\/#website"},"datePublished":"2025-10-06T10:57:51+00:00","dateModified":"2026-04-22T12:28:50+00:00","description":"Hled\u00e1te pr\u00e1ci se d\u0159evem ve stabiln\u00ed \u010desk\u00e9 rodinn\u00e9 firm\u011b? Prohl\u00e9dn\u011bte si aktu\u00e1ln\u00ed voln\u00e9 pozice ve VYNK Design a p\u0159idejte se k na\u0161emu t\u00fdmu v truhl\u00e1\u0159sk\u00e9 v\u00fdrob\u011b.","breadcrumb":{"@id":"https:\/\/www.vynkdesign.com\/cs\/kariera\/#breadcrumb"},"inLanguage":"cs","potentialAction":[{"@type":"ReadAction","target":["https:\/\/www.vynkdesign.com\/cs\/kariera\/"]}]},{"@type":"BreadcrumbList","@id":"https:\/\/www.vynkdesign.com\/cs\/kariera\/#breadcrumb","itemListElement":[{"@type":"ListItem","position":1,"name":"Home","item":"https:\/\/www.vynkdesign.com\/cs\/"},{"@type":"ListItem","position":2,"name":"Kari\u00e9ra"}]},{"@type":"WebSite","@id":"https:\/\/www.vynkdesign.com\/cs\/#website","url":"https:\/\/www.vynkdesign.com\/cs\/","name":"VYNK design","description":"","publisher":{"@id":"https:\/\/www.vynkdesign.com\/cs\/#organization"},"potentialAction":[{"@type":"SearchAction","target":{"@type":"EntryPoint","urlTemplate":"https:\/\/www.vynkdesign.com\/cs\/?s={search_term_string}"},"query-input":{"@type":"PropertyValueSpecification","valueRequired":true,"valueName":"search_term_string"}}],"inLanguage":"cs"},{"@type":"Organization","@id":"https:\/\/www.vynkdesign.com\/cs\/#organization","name":"VYNK design","url":"https:\/\/www.vynkdesign.com\/cs\/","logo":{"@type":"ImageObject","inLanguage":"cs","@id":"https:\/\/www.vynkdesign.com\/cs\/#\/schema\/logo\/image\/","url":"https:\/\/www.vynkdesign.com\/wp-content\/uploads\/2025\/09\/vynkdesign-logo.svg","contentUrl":"https:\/\/www.vynkdesign.com\/wp-content\/uploads\/2025\/09\/vynkdesign-logo.svg","width":808,"height":625,"caption":"VYNK design"},"image":{"@id":"https:\/\/www.vynkdesign.com\/cs\/#\/schema\/logo\/image\/"}}]}},"_links":{"self":[{"href":"https:\/\/www.vynkdesign.com\/cs\/wp-json\/wp\/v2\/pages\/224","targetHints":{"allow":["GET"]}}],"collection":[{"href":"https:\/\/www.vynkdesign.com\/cs\/wp-json\/wp\/v2\/pages"}],"about":[{"href":"https:\/\/www.vynkdesign.com\/cs\/wp-json\/wp\/v2\/types\/page"}],"author":[{"embeddable":true,"href":"https:\/\/www.vynkdesign.com\/cs\/wp-json\/wp\/v2\/users\/1"}],"replies":[{"embeddable":true,"href":"https:\/\/www.vynkdesign.com\/cs\/wp-json\/wp\/v2\/comments?post=224"}],"version-history":[{"count":34,"href":"https:\/\/www.vynkdesign.com\/cs\/wp-json\/wp\/v2\/pages\/224\/revisions"}],"predecessor-version":[{"id":670,"href":"https:\/\/www.vynkdesign.com\/cs\/wp-json\/wp\/v2\/pages\/224\/revisions\/670"}],"wp:attachment":[{"href":"https:\/\/www.vynkdesign.com\/cs\/wp-json\/wp\/v2\/media?parent=224"}],"curies":[{"name":"wp","href":"https:\/\/api.w.org\/{rel}","templated":true}]}}