{"id":252,"date":"2025-10-06T14:33:05","date_gmt":"2025-10-06T12:33:05","guid":{"rendered":"https:\/\/www.vynkdesign.com\/?page_id=252"},"modified":"2026-04-22T14:23:40","modified_gmt":"2026-04-22T12:23:40","slug":"brikety","status":"publish","type":"page","link":"https:\/\/www.vynkdesign.com\/cs\/brikety\/","title":{"rendered":"Brikety"},"content":{"rendered":"\t\t<div data-elementor-type=\"wp-page\" data-elementor-id=\"252\" class=\"elementor elementor-252\" data-elementor-post-type=\"page\">\n\t\t\t\t<div class=\"elementor-element elementor-element-bf447d1 pt-80 pb-80 e-flex e-con-boxed e-con e-parent\" data-id=\"bf447d1\" data-element_type=\"container\" data-e-type=\"container\">\n\t\t\t\t\t<div class=\"e-con-inner\">\n\t\t\t\t<div class=\"elementor-element elementor-element-b7a82c8 elementor-widget elementor-widget-heading\" data-id=\"b7a82c8\" data-element_type=\"widget\" data-e-type=\"widget\" data-widget_type=\"heading.default\">\n\t\t\t\t\t<h1 class=\"elementor-heading-title elementor-size-default\">Brikety<\/h1>\t\t\t\t<\/div>\n\t\t\t\t<div class=\"elementor-element elementor-element-03d9621 mw-920 elementor-widget elementor-widget-text-editor\" data-id=\"03d9621\" data-element_type=\"widget\" data-e-type=\"widget\" data-widget_type=\"text-editor.default\">\n\t\t\t\t\t\t\t\t\t<p>V\u00e1lcov\u00e9 brikety se vyzna\u010duj\u00ed kvalitn\u00edm slisov\u00e1n\u00edm, zaru\u010duj\u00ed tak dlouhou dobu ho\u0159en\u00ed a maxim\u00e1ln\u00ed spokojenost. Pou\u017eitou surovinou k v\u00fdrob\u011b t\u011bchto briket jsou piliny a \u0161t\u011bpky z tvrd\u00fdch d\u0159evin (dub, buk) p\u0159\u00edmo z na\u0161\u00ed truhl\u00e1\u0159sk\u00e9 v\u00fdroby.<\/p><p>U balen\u00fdch briket (po 15 kg) ocen\u00edte mimo jin\u00e9 jejich jednoduch\u00e9 uskladn\u011bn\u00ed a snadnou manipulaci s mo\u017enost\u00ed dod\u00e1n\u00ed a\u017e p\u0159ed Va\u0161e dve\u0159e.<\/p>\t\t\t\t\t\t\t\t<\/div>\n\t\t\t\t<div class=\"elementor-element elementor-element-5ca182a mw-920 mb-30 elementor-widget elementor-widget-gallery\" data-id=\"5ca182a\" data-element_type=\"widget\" data-e-type=\"widget\" data-settings=\"{&quot;columns&quot;:3,&quot;columns_tablet&quot;:3,&quot;columns_mobile&quot;:3,&quot;gap&quot;:{&quot;unit&quot;:&quot;px&quot;,&quot;size&quot;:30,&quot;sizes&quot;:[]},&quot;aspect_ratio&quot;:&quot;1:1&quot;,&quot;lazyload&quot;:&quot;yes&quot;,&quot;gallery_layout&quot;:&quot;grid&quot;,&quot;gap_tablet&quot;:{&quot;unit&quot;:&quot;px&quot;,&quot;size&quot;:10,&quot;sizes&quot;:[]},&quot;gap_mobile&quot;:{&quot;unit&quot;:&quot;px&quot;,&quot;size&quot;:10,&quot;sizes&quot;:[]},&quot;link_to&quot;:&quot;file&quot;,&quot;overlay_background&quot;:&quot;yes&quot;,&quot;content_hover_animation&quot;:&quot;fade-in&quot;}\" data-widget_type=\"gallery.default\">\n\t\t\t\t\t\t\t<div class=\"elementor-gallery__container\">\n\t\t\t\t\t\t\t<a class=\"e-gallery-item elementor-gallery-item elementor-animated-content\" href=\"https:\/\/www.vynkdesign.com\/wp-content\/uploads\/2025\/10\/vynk-design-brikety-01-scaled.webp\">\n\t\t\t\t\t<div class=\"e-gallery-image elementor-gallery-item__image\" data-thumbnail=\"https:\/\/www.vynkdesign.com\/wp-content\/uploads\/2025\/10\/vynk-design-brikety-01-768x768.webp\" data-width=\"768\" data-height=\"768\" aria-label=\"\" role=\"img\" ><\/div>\n\t\t\t\t\t\t\t\t\t\t\t<div class=\"elementor-gallery-item__overlay\"><\/div>\n\t\t\t\t\t\t\t\t\t\t\t\t\t\t<\/a>\n\t\t\t\t\t\t\t<a class=\"e-gallery-item elementor-gallery-item elementor-animated-content\" href=\"https:\/\/www.vynkdesign.com\/wp-content\/uploads\/2025\/10\/vynk-design-brikety-02-scaled.webp\">\n\t\t\t\t\t<div class=\"e-gallery-image elementor-gallery-item__image\" data-thumbnail=\"https:\/\/www.vynkdesign.com\/wp-content\/uploads\/2025\/10\/vynk-design-brikety-02-768x768.webp\" data-width=\"768\" data-height=\"768\" aria-label=\"\" role=\"img\" ><\/div>\n\t\t\t\t\t\t\t\t\t\t\t<div class=\"elementor-gallery-item__overlay\"><\/div>\n\t\t\t\t\t\t\t\t\t\t\t\t\t\t<\/a>\n\t\t\t\t\t\t\t<a class=\"e-gallery-item elementor-gallery-item elementor-animated-content\" href=\"https:\/\/www.vynkdesign.com\/wp-content\/uploads\/2025\/10\/vynk-design-brikety-03-scaled.webp\">\n\t\t\t\t\t<div class=\"e-gallery-image elementor-gallery-item__image\" data-thumbnail=\"https:\/\/www.vynkdesign.com\/wp-content\/uploads\/2025\/10\/vynk-design-brikety-03-768x768.webp\" data-width=\"768\" data-height=\"768\" aria-label=\"\" role=\"img\" ><\/div>\n\t\t\t\t\t\t\t\t\t\t\t<div class=\"elementor-gallery-item__overlay\"><\/div>\n\t\t\t\t\t\t\t\t\t\t\t\t\t\t<\/a>\n\t\t\t\t\t<\/div>\n\t\t\t\t\t<\/div>\n\t\t\t\t<div class=\"elementor-element elementor-element-574d318 mw-920 pricing mb-30 elementor-widget elementor-widget-price-list\" data-id=\"574d318\" data-element_type=\"widget\" data-e-type=\"widget\" data-widget_type=\"price-list.default\">\n\t\t\t\t\t\n\t\t<ul class=\"elementor-price-list\">\n\n\t\t\t\t\t\t\t\t\t<li class=\"elementor-price-list-item\">\t\t\t\t\n\t\t\t\t<div class=\"elementor-price-list-text\">\n\t\t\t\t\t\t\t\t\t<div class=\"elementor-price-list-header\">\n\t\t\t\t\t\t\t\t\t\t\t<span class=\"elementor-price-list-title\">\n\t\t\t\t\t\t\tVoln\u011b lo\u017een\u00e9\t\t\t\t\t\t<\/span>\n\t\t\t\t\t\t\t\t\t\t\t\t\t\t\t\t\t\t<span class=\"elementor-price-list-separator\"><\/span>\n\t\t\t\t\t\t\t\t\t\t\t\t\t\t\t\t\t\t\t<span class=\"elementor-price-list-price\">4,9 K\u010d \/ kg<\/span>\n\t\t\t\t\t\t\t\t\t\t<\/div>\n\t\t\t\t\t\t\t\t\t\t\t\t<\/div>\n\t\t\t\t<\/li>\t\t\t\t\t\t\t\t\t\t\t\t<li class=\"elementor-price-list-item\">\t\t\t\t\n\t\t\t\t<div class=\"elementor-price-list-text\">\n\t\t\t\t\t\t\t\t\t<div class=\"elementor-price-list-header\">\n\t\t\t\t\t\t\t\t\t\t\t<span class=\"elementor-price-list-title\">\n\t\t\t\t\t\t\tBalen\u00e9 \u2013 15 kg\t\t\t\t\t\t<\/span>\n\t\t\t\t\t\t\t\t\t\t\t\t\t\t\t\t\t\t<span class=\"elementor-price-list-separator\"><\/span>\n\t\t\t\t\t\t\t\t\t\t\t\t\t\t\t\t\t\t\t<span class=\"elementor-price-list-price\">5,9 K\u010d \/ kg<\/span>\n\t\t\t\t\t\t\t\t\t\t<\/div>\n\t\t\t\t\t\t\t\t\t\t\t\t<\/div>\n\t\t\t\t<\/li>\t\t\t\t\t\t\t\t\t\t\t\t<li class=\"elementor-price-list-item\">\t\t\t\t\n\t\t\t\t<div class=\"elementor-price-list-text\">\n\t\t\t\t\t\t\t\t\t<div class=\"elementor-price-list-header\">\n\t\t\t\t\t\t\t\t\t\t\t<span class=\"elementor-price-list-title\">\n\t\t\t\t\t\t\tDovoz balen\u00fdch po 1 400 kg na adresu\t\t\t\t\t\t<\/span>\n\t\t\t\t\t\t\t\t\t\t\t\t\t\t\t\t\t\t<span class=\"elementor-price-list-separator\"><\/span>\n\t\t\t\t\t\t\t\t\t\t\t\t\t\t\t\t\t\t\t<span class=\"elementor-price-list-price\">12 K\u010d \/ km<\/span>\n\t\t\t\t\t\t\t\t\t\t<\/div>\n\t\t\t\t\t\t\t\t\t\t\t\t\t\t\t<p class=\"elementor-price-list-description\">\n\t\t\t\t\t\t\tceny jsou v\u010detn\u011b DPH\t\t\t\t\t\t<\/p>\n\t\t\t\t\t\t\t\t<\/div>\n\t\t\t\t<\/li>\t\t\t\t\t\n\t\t<\/ul>\n\n\t\t\t\t\t\t<\/div>\n\t\t<div class=\"elementor-element elementor-element-6440158 e-grid e-con-full mw-920 e-con e-child\" data-id=\"6440158\" data-element_type=\"container\" data-e-type=\"container\">\n\t\t\t\t<div class=\"elementor-element elementor-element-b11fa04 elementor-position-inline-start brikety-vyhoda elementor-view-default elementor-mobile-position-block-start elementor-widget elementor-widget-icon-box\" data-id=\"b11fa04\" data-element_type=\"widget\" data-e-type=\"widget\" data-widget_type=\"icon-box.default\">\n\t\t\t\t\t\t\t<div class=\"elementor-icon-box-wrapper\">\n\n\t\t\t\t\t\t<div class=\"elementor-icon-box-icon\">\n\t\t\t\t<span  class=\"elementor-icon\">\n\t\t\t\t<svg aria-hidden=\"true\" class=\"e-font-icon-svg e-fas-weight-hanging\" viewBox=\"0 0 512 512\" xmlns=\"http:\/\/www.w3.org\/2000\/svg\"><path d=\"M510.28 445.86l-73.03-292.13c-3.8-15.19-16.44-25.72-30.87-25.72h-60.25c3.57-10.05 5.88-20.72 5.88-32 0-53.02-42.98-96-96-96s-96 42.98-96 96c0 11.28 2.3 21.95 5.88 32h-60.25c-14.43 0-27.08 10.54-30.87 25.72L1.72 445.86C-6.61 479.17 16.38 512 48.03 512h415.95c31.64 0 54.63-32.83 46.3-66.14zM256 128c-17.64 0-32-14.36-32-32s14.36-32 32-32 32 14.36 32 32-14.36 32-32 32z\"><\/path><\/svg>\t\t\t\t<\/span>\n\t\t\t<\/div>\n\t\t\t\n\t\t\t\t\t\t<div class=\"elementor-icon-box-content\">\n\n\t\t\t\t\t\t\t\t\t<h3 class=\"elementor-icon-box-title\">\n\t\t\t\t\t\t<span  >\n\t\t\t\t\t\t\tPo 500 kg \u017eoc\u00edch\t\t\t\t\t\t<\/span>\n\t\t\t\t\t<\/h3>\n\t\t\t\t\n\t\t\t\t\t\t\t\t\t<p class=\"elementor-icon-box-description\">\n\t\t\t\t\t\tJe standardn\u00ed odb\u011br voln\u011b lo\u017een\u00fdch briket. Lze dohodnout i m\u00e9n\u011b.\t\t\t\t\t<\/p>\n\t\t\t\t\n\t\t\t<\/div>\n\t\t\t\n\t\t<\/div>\n\t\t\t\t\t\t<\/div>\n\t\t\t\t<div class=\"elementor-element elementor-element-6ea6457 elementor-position-inline-start brikety-vyhoda elementor-view-default elementor-mobile-position-block-start elementor-widget elementor-widget-icon-box\" data-id=\"6ea6457\" data-element_type=\"widget\" data-e-type=\"widget\" data-widget_type=\"icon-box.default\">\n\t\t\t\t\t\t\t<div class=\"elementor-icon-box-wrapper\">\n\n\t\t\t\t\t\t<div class=\"elementor-icon-box-icon\">\n\t\t\t\t<span  class=\"elementor-icon\">\n\t\t\t\t<svg aria-hidden=\"true\" class=\"e-font-icon-svg e-fas-map-marker-alt\" viewBox=\"0 0 384 512\" xmlns=\"http:\/\/www.w3.org\/2000\/svg\"><path d=\"M172.268 501.67C26.97 291.031 0 269.413 0 192 0 85.961 85.961 0 192 0s192 85.961 192 192c0 77.413-26.97 99.031-172.268 309.67-9.535 13.774-29.93 13.773-39.464 0zM192 272c44.183 0 80-35.817 80-80s-35.817-80-80-80-80 35.817-80 80 35.817 80 80 80z\"><\/path><\/svg>\t\t\t\t<\/span>\n\t\t\t<\/div>\n\t\t\t\n\t\t\t\t\t\t<div class=\"elementor-icon-box-content\">\n\n\t\t\t\t\t\t\t\t\t<h3 class=\"elementor-icon-box-title\">\n\t\t\t\t\t\t<span  >\n\t\t\t\t\t\t\tOsobn\u00ed odb\u011br\t\t\t\t\t\t<\/span>\n\t\t\t\t\t<\/h3>\n\t\t\t\t\n\t\t\t\t\t\t\t\t\t<p class=\"elementor-icon-box-description\">\n\t\t\t\t\t\tMo\u017en\u00fd na adrese Mal\u00fd Bor 157, \n341 01 Hora\u017e\u010fovice\t\t\t\t\t<\/p>\n\t\t\t\t\n\t\t\t<\/div>\n\t\t\t\n\t\t<\/div>\n\t\t\t\t\t\t<\/div>\n\t\t\t\t<div class=\"elementor-element elementor-element-64b90d1 elementor-position-inline-start brikety-vyhoda elementor-view-default elementor-mobile-position-block-start elementor-widget elementor-widget-icon-box\" data-id=\"64b90d1\" data-element_type=\"widget\" data-e-type=\"widget\" data-widget_type=\"icon-box.default\">\n\t\t\t\t\t\t\t<div class=\"elementor-icon-box-wrapper\">\n\n\t\t\t\t\t\t<div class=\"elementor-icon-box-icon\">\n\t\t\t\t<span  class=\"elementor-icon\">\n\t\t\t\t<svg aria-hidden=\"true\" class=\"e-font-icon-svg e-fas-people-carry\" viewBox=\"0 0 640 512\" xmlns=\"http:\/\/www.w3.org\/2000\/svg\"><path d=\"M128 96c26.5 0 48-21.5 48-48S154.5 0 128 0 80 21.5 80 48s21.5 48 48 48zm384 0c26.5 0 48-21.5 48-48S538.5 0 512 0s-48 21.5-48 48 21.5 48 48 48zm125.7 372.1l-44-110-41.1 46.4-2 18.2 27.7 69.2c5 12.5 17 20.1 29.7 20.1 4 0 8-.7 11.9-2.3 16.4-6.6 24.4-25.2 17.8-41.6zm-34.2-209.8L585 178.1c-4.6-20-18.6-36.8-37.5-44.9-18.5-8-39-6.7-56.1 3.3-22.7 13.4-39.7 34.5-48.1 59.4L432 229.8 416 240v-96c0-8.8-7.2-16-16-16H240c-8.8 0-16 7.2-16 16v96l-16.1-10.2-11.3-33.9c-8.3-25-25.4-46-48.1-59.4-17.2-10-37.6-11.3-56.1-3.3-18.9 8.1-32.9 24.9-37.5 44.9l-18.4 80.2c-4.6 20 .7 41.2 14.4 56.7l67.2 75.9 10.1 92.6C130 499.8 143.8 512 160 512c1.2 0 2.3-.1 3.5-.2 17.6-1.9 30.2-17.7 28.3-35.3l-10.1-92.8c-1.5-13-6.9-25.1-15.6-35l-43.3-49 17.6-70.3 6.8 20.4c4.1 12.5 11.9 23.4 24.5 32.6l51.1 32.5c4.6 2.9 12.1 4.6 17.2 5h160c5.1-.4 12.6-2.1 17.2-5l51.1-32.5c12.6-9.2 20.4-20 24.5-32.6l6.8-20.4 17.6 70.3-43.3 49c-8.7 9.9-14.1 22-15.6 35l-10.1 92.8c-1.9 17.6 10.8 33.4 28.3 35.3 1.2.1 2.3.2 3.5.2 16.1 0 30-12.1 31.8-28.5l10.1-92.6 67.2-75.9c13.6-15.5 19-36.7 14.4-56.7zM46.3 358.1l-44 110c-6.6 16.4 1.4 35 17.8 41.6 16.8 6.6 35.1-1.7 41.6-17.8l27.7-69.2-2-18.2-41.1-46.4z\"><\/path><\/svg>\t\t\t\t<\/span>\n\t\t\t<\/div>\n\t\t\t\n\t\t\t\t\t\t<div class=\"elementor-icon-box-content\">\n\n\t\t\t\t\t\t\t\t\t<h3 class=\"elementor-icon-box-title\">\n\t\t\t\t\t\t<span  >\n\t\t\t\t\t\t\tPom\u016f\u017eeme\t\t\t\t\t\t<\/span>\n\t\t\t\t\t<\/h3>\n\t\t\t\t\n\t\t\t\t\t\t\t\t\t<p class=\"elementor-icon-box-description\">\n\t\t\t\t\t\tS nalo\u017een\u00edm na k\u00e1ru \u010di valn\u00edk.\t\t\t\t\t<\/p>\n\t\t\t\t\n\t\t\t<\/div>\n\t\t\t\n\t\t<\/div>\n\t\t\t\t\t\t<\/div>\n\t\t\t\t<\/div>\n\t\t\t\t\t<\/div>\n\t\t\t\t<\/div>\n\t\t<div class=\"elementor-element elementor-element-20aa822 pt-80 pb-80 grey-background e-flex e-con-boxed e-con e-parent\" data-id=\"20aa822\" data-element_type=\"container\" data-e-type=\"container\">\n\t\t\t\t\t<div class=\"e-con-inner\">\n\t\t\t\t<div class=\"elementor-element elementor-element-aaf3b11 elementor-widget elementor-widget-heading\" data-id=\"aaf3b11\" data-element_type=\"widget\" data-e-type=\"widget\" data-widget_type=\"heading.default\">\n\t\t\t\t\t<h2 class=\"elementor-heading-title elementor-size-default\">Dotazy a objedn\u00e1vky p\u0159ij\u00edm\u00e1me na<\/h2>\t\t\t\t<\/div>\n\t\t<div class=\"elementor-element elementor-element-cac8a04 e-grid e-con-full mw-700 e-con e-child\" data-id=\"cac8a04\" data-element_type=\"container\" data-e-type=\"container\">\n\t\t\t\t<div class=\"elementor-element elementor-element-3defe89 elementor-position-inline-start pozice-cta elementor-view-default elementor-mobile-position-block-start elementor-widget elementor-widget-icon-box\" data-id=\"3defe89\" data-element_type=\"widget\" data-e-type=\"widget\" data-widget_type=\"icon-box.default\">\n\t\t\t\t\t\t\t<div class=\"elementor-icon-box-wrapper\">\n\n\t\t\t\t\t\t<div class=\"elementor-icon-box-icon\">\n\t\t\t\t<a href=\"tel:+420376511770\" class=\"elementor-icon\" tabindex=\"-1\" aria-label=\"+420 376 511 770\">\n\t\t\t\t<svg aria-hidden=\"true\" class=\"e-font-icon-svg e-fas-phone\" viewBox=\"0 0 512 512\" xmlns=\"http:\/\/www.w3.org\/2000\/svg\"><path d=\"M493.4 24.6l-104-24c-11.3-2.6-22.9 3.3-27.5 13.9l-48 112c-4.2 9.8-1.4 21.3 6.9 28l60.6 49.6c-36 76.7-98.9 140.5-177.2 177.2l-49.6-60.6c-6.8-8.3-18.2-11.1-28-6.9l-112 48C3.9 366.5-2 378.1.6 389.4l24 104C27.1 504.2 36.7 512 48 512c256.1 0 464-207.5 464-464 0-11.2-7.7-20.9-18.6-23.4z\"><\/path><\/svg>\t\t\t\t<\/a>\n\t\t\t<\/div>\n\t\t\t\n\t\t\t\t\t\t<div class=\"elementor-icon-box-content\">\n\n\t\t\t\t\t\t\t\t\t<h4 class=\"elementor-icon-box-title\">\n\t\t\t\t\t\t<a href=\"tel:+420376511770\" >\n\t\t\t\t\t\t\t+420 376 511 770\t\t\t\t\t\t<\/a>\n\t\t\t\t\t<\/h4>\n\t\t\t\t\n\t\t\t\t\t\t\t\t\t<p class=\"elementor-icon-box-description\">\n\t\t\t\t\t\t(pracovn\u00ed dny od 7:00 do 15:00)\n\t\t\t\t\t<\/p>\n\t\t\t\t\n\t\t\t<\/div>\n\t\t\t\n\t\t<\/div>\n\t\t\t\t\t\t<\/div>\n\t\t\t\t<div class=\"elementor-element elementor-element-68ba29e elementor-position-inline-start pozice-cta elementor-view-default elementor-mobile-position-block-start elementor-widget elementor-widget-icon-box\" data-id=\"68ba29e\" data-element_type=\"widget\" data-e-type=\"widget\" data-widget_type=\"icon-box.default\">\n\t\t\t\t\t\t\t<div class=\"elementor-icon-box-wrapper\">\n\n\t\t\t\t\t\t<div class=\"elementor-icon-box-icon\">\n\t\t\t\t<a href=\"mailto:info@vynkdesign.com\" class=\"elementor-icon\" tabindex=\"-1\" aria-label=\"info@vynkdesign.com\">\n\t\t\t\t<svg aria-hidden=\"true\" class=\"e-font-icon-svg e-fas-envelope\" viewBox=\"0 0 512 512\" xmlns=\"http:\/\/www.w3.org\/2000\/svg\"><path d=\"M502.3 190.8c3.9-3.1 9.7-.2 9.7 4.7V400c0 26.5-21.5 48-48 48H48c-26.5 0-48-21.5-48-48V195.6c0-5 5.7-7.8 9.7-4.7 22.4 17.4 52.1 39.5 154.1 113.6 21.1 15.4 56.7 47.8 92.2 47.6 35.7.3 72-32.8 92.3-47.6 102-74.1 131.6-96.3 154-113.7zM256 320c23.2.4 56.6-29.2 73.4-41.4 132.7-96.3 142.8-104.7 173.4-128.7 5.8-4.5 9.2-11.5 9.2-18.9v-19c0-26.5-21.5-48-48-48H48C21.5 64 0 85.5 0 112v19c0 7.4 3.4 14.3 9.2 18.9 30.6 23.9 40.7 32.4 173.4 128.7 16.8 12.2 50.2 41.8 73.4 41.4z\"><\/path><\/svg>\t\t\t\t<\/a>\n\t\t\t<\/div>\n\t\t\t\n\t\t\t\t\t\t<div class=\"elementor-icon-box-content\">\n\n\t\t\t\t\t\t\t\t\t<h4 class=\"elementor-icon-box-title\">\n\t\t\t\t\t\t<a href=\"mailto:info@vynkdesign.com\" >\n\t\t\t\t\t\t\tinfo@vynkdesign.com\t\t\t\t\t\t<\/a>\n\t\t\t\t\t<\/h4>\n\t\t\t\t\n\t\t\t\t\n\t\t\t<\/div>\n\t\t\t\n\t\t<\/div>\n\t\t\t\t\t\t<\/div>\n\t\t\t\t<\/div>\n\t\t\t\t\t<\/div>\n\t\t\t\t<\/div>\n\t\t\t\t<\/div>\n\t\t","protected":false},"excerpt":{"rendered":"<p>Brikety V\u00e1lcov\u00e9 brikety se vyzna\u010duj\u00ed kvalitn\u00edm slisov\u00e1n\u00edm, zaru\u010duj\u00ed tak dlouhou dobu ho\u0159en\u00ed a maxim\u00e1ln\u00ed spokojenost. Pou\u017eitou surovinou k v\u00fdrob\u011b t\u011bchto briket jsou piliny a \u0161t\u011bpky z tvrd\u00fdch d\u0159evin (dub, buk) p\u0159\u00edmo z na\u0161\u00ed truhl\u00e1\u0159sk\u00e9 v\u00fdroby. U balen\u00fdch briket (po 15 kg) ocen\u00edte mimo jin\u00e9 jejich jednoduch\u00e9 uskladn\u011bn\u00ed a snadnou manipulaci s mo\u017enost\u00ed dod\u00e1n\u00ed a\u017e p\u0159ed &hellip;<\/p>\n","protected":false},"author":1,"featured_media":0,"parent":0,"menu_order":1,"comment_status":"closed","ping_status":"closed","template":"","meta":{"inline_featured_image":false,"footnotes":""},"class_list":["post-252","page","type-page","status-publish","hentry"],"yoast_head":"<!-- This site is optimized with the Yoast SEO plugin v27.4 - https:\/\/yoast.com\/product\/yoast-seo-wordpress\/ -->\n<title>D\u0159ev\u011bn\u00e9 brikety z tvrd\u00e9ho d\u0159eva | VYNK design<\/title>\n<meta name=\"description\" content=\"V\u00fdrobce d\u0159ev\u011bn\u00fdch briket z vlastn\u00edch pilin a \u0161t\u011bpek tvrd\u00fdch d\u0159evin. Vyberte si balen\u00e9 nebo voln\u011b lo\u017een\u00e9 brikety s mo\u017enost\u00ed pohodln\u00e9ho dod\u00e1n\u00ed.\" \/>\n<meta name=\"robots\" content=\"index, follow, max-snippet:-1, max-image-preview:large, max-video-preview:-1\" \/>\n<link rel=\"canonical\" href=\"https:\/\/www.vynkdesign.com\/cs\/brikety\/\" \/>\n<meta property=\"og:locale\" content=\"cs_CZ\" \/>\n<meta property=\"og:type\" content=\"article\" \/>\n<meta property=\"og:title\" content=\"D\u0159ev\u011bn\u00e9 brikety z tvrd\u00e9ho d\u0159eva | VYNK design\" \/>\n<meta property=\"og:description\" content=\"V\u00fdrobce d\u0159ev\u011bn\u00fdch briket z vlastn\u00edch pilin a \u0161t\u011bpek tvrd\u00fdch d\u0159evin. Vyberte si balen\u00e9 nebo voln\u011b lo\u017een\u00e9 brikety s mo\u017enost\u00ed pohodln\u00e9ho dod\u00e1n\u00ed.\" \/>\n<meta property=\"og:url\" content=\"https:\/\/www.vynkdesign.com\/cs\/brikety\/\" \/>\n<meta property=\"og:site_name\" content=\"VYNK design\" \/>\n<meta property=\"article:modified_time\" content=\"2026-04-22T12:23:40+00:00\" \/>\n<meta name=\"twitter:card\" content=\"summary_large_image\" \/>\n<meta name=\"twitter:label1\" content=\"Odhadovan\u00e1 doba \u010dten\u00ed\" \/>\n\t<meta name=\"twitter:data1\" content=\"1 minuta\" \/>\n<script type=\"application\/ld+json\" class=\"yoast-schema-graph\">{\"@context\":\"https:\\\/\\\/schema.org\",\"@graph\":[{\"@type\":\"WebPage\",\"@id\":\"https:\\\/\\\/www.vynkdesign.com\\\/cs\\\/brikety\\\/\",\"url\":\"https:\\\/\\\/www.vynkdesign.com\\\/cs\\\/brikety\\\/\",\"name\":\"D\u0159ev\u011bn\u00e9 brikety z tvrd\u00e9ho d\u0159eva | VYNK design\",\"isPartOf\":{\"@id\":\"https:\\\/\\\/www.vynkdesign.com\\\/cs\\\/#website\"},\"datePublished\":\"2025-10-06T12:33:05+00:00\",\"dateModified\":\"2026-04-22T12:23:40+00:00\",\"description\":\"V\u00fdrobce d\u0159ev\u011bn\u00fdch briket z vlastn\u00edch pilin a \u0161t\u011bpek tvrd\u00fdch d\u0159evin. Vyberte si balen\u00e9 nebo voln\u011b lo\u017een\u00e9 brikety s mo\u017enost\u00ed pohodln\u00e9ho dod\u00e1n\u00ed.\",\"breadcrumb\":{\"@id\":\"https:\\\/\\\/www.vynkdesign.com\\\/cs\\\/brikety\\\/#breadcrumb\"},\"inLanguage\":\"cs\",\"potentialAction\":[{\"@type\":\"ReadAction\",\"target\":[\"https:\\\/\\\/www.vynkdesign.com\\\/cs\\\/brikety\\\/\"]}]},{\"@type\":\"BreadcrumbList\",\"@id\":\"https:\\\/\\\/www.vynkdesign.com\\\/cs\\\/brikety\\\/#breadcrumb\",\"itemListElement\":[{\"@type\":\"ListItem\",\"position\":1,\"name\":\"Home\",\"item\":\"https:\\\/\\\/www.vynkdesign.com\\\/cs\\\/\"},{\"@type\":\"ListItem\",\"position\":2,\"name\":\"Brikety\"}]},{\"@type\":\"WebSite\",\"@id\":\"https:\\\/\\\/www.vynkdesign.com\\\/cs\\\/#website\",\"url\":\"https:\\\/\\\/www.vynkdesign.com\\\/cs\\\/\",\"name\":\"VYNK design\",\"description\":\"\",\"publisher\":{\"@id\":\"https:\\\/\\\/www.vynkdesign.com\\\/cs\\\/#organization\"},\"potentialAction\":[{\"@type\":\"SearchAction\",\"target\":{\"@type\":\"EntryPoint\",\"urlTemplate\":\"https:\\\/\\\/www.vynkdesign.com\\\/cs\\\/?s={search_term_string}\"},\"query-input\":{\"@type\":\"PropertyValueSpecification\",\"valueRequired\":true,\"valueName\":\"search_term_string\"}}],\"inLanguage\":\"cs\"},{\"@type\":\"Organization\",\"@id\":\"https:\\\/\\\/www.vynkdesign.com\\\/cs\\\/#organization\",\"name\":\"VYNK design\",\"url\":\"https:\\\/\\\/www.vynkdesign.com\\\/cs\\\/\",\"logo\":{\"@type\":\"ImageObject\",\"inLanguage\":\"cs\",\"@id\":\"https:\\\/\\\/www.vynkdesign.com\\\/cs\\\/#\\\/schema\\\/logo\\\/image\\\/\",\"url\":\"https:\\\/\\\/www.vynkdesign.com\\\/wp-content\\\/uploads\\\/2025\\\/09\\\/vynkdesign-logo.svg\",\"contentUrl\":\"https:\\\/\\\/www.vynkdesign.com\\\/wp-content\\\/uploads\\\/2025\\\/09\\\/vynkdesign-logo.svg\",\"width\":808,\"height\":625,\"caption\":\"VYNK design\"},\"image\":{\"@id\":\"https:\\\/\\\/www.vynkdesign.com\\\/cs\\\/#\\\/schema\\\/logo\\\/image\\\/\"}}]}<\/script>\n<!-- \/ Yoast SEO plugin. -->","yoast_head_json":{"title":"D\u0159ev\u011bn\u00e9 brikety z tvrd\u00e9ho d\u0159eva | VYNK design","description":"V\u00fdrobce d\u0159ev\u011bn\u00fdch briket z vlastn\u00edch pilin a \u0161t\u011bpek tvrd\u00fdch d\u0159evin. Vyberte si balen\u00e9 nebo voln\u011b lo\u017een\u00e9 brikety s mo\u017enost\u00ed pohodln\u00e9ho dod\u00e1n\u00ed.","robots":{"index":"index","follow":"follow","max-snippet":"max-snippet:-1","max-image-preview":"max-image-preview:large","max-video-preview":"max-video-preview:-1"},"canonical":"https:\/\/www.vynkdesign.com\/cs\/brikety\/","og_locale":"cs_CZ","og_type":"article","og_title":"D\u0159ev\u011bn\u00e9 brikety z tvrd\u00e9ho d\u0159eva | VYNK design","og_description":"V\u00fdrobce d\u0159ev\u011bn\u00fdch briket z vlastn\u00edch pilin a \u0161t\u011bpek tvrd\u00fdch d\u0159evin. Vyberte si balen\u00e9 nebo voln\u011b lo\u017een\u00e9 brikety s mo\u017enost\u00ed pohodln\u00e9ho dod\u00e1n\u00ed.","og_url":"https:\/\/www.vynkdesign.com\/cs\/brikety\/","og_site_name":"VYNK design","article_modified_time":"2026-04-22T12:23:40+00:00","twitter_card":"summary_large_image","twitter_misc":{"Odhadovan\u00e1 doba \u010dten\u00ed":"1 minuta"},"schema":{"@context":"https:\/\/schema.org","@graph":[{"@type":"WebPage","@id":"https:\/\/www.vynkdesign.com\/cs\/brikety\/","url":"https:\/\/www.vynkdesign.com\/cs\/brikety\/","name":"D\u0159ev\u011bn\u00e9 brikety z tvrd\u00e9ho d\u0159eva | VYNK design","isPartOf":{"@id":"https:\/\/www.vynkdesign.com\/cs\/#website"},"datePublished":"2025-10-06T12:33:05+00:00","dateModified":"2026-04-22T12:23:40+00:00","description":"V\u00fdrobce d\u0159ev\u011bn\u00fdch briket z vlastn\u00edch pilin a \u0161t\u011bpek tvrd\u00fdch d\u0159evin. Vyberte si balen\u00e9 nebo voln\u011b lo\u017een\u00e9 brikety s mo\u017enost\u00ed pohodln\u00e9ho dod\u00e1n\u00ed.","breadcrumb":{"@id":"https:\/\/www.vynkdesign.com\/cs\/brikety\/#breadcrumb"},"inLanguage":"cs","potentialAction":[{"@type":"ReadAction","target":["https:\/\/www.vynkdesign.com\/cs\/brikety\/"]}]},{"@type":"BreadcrumbList","@id":"https:\/\/www.vynkdesign.com\/cs\/brikety\/#breadcrumb","itemListElement":[{"@type":"ListItem","position":1,"name":"Home","item":"https:\/\/www.vynkdesign.com\/cs\/"},{"@type":"ListItem","position":2,"name":"Brikety"}]},{"@type":"WebSite","@id":"https:\/\/www.vynkdesign.com\/cs\/#website","url":"https:\/\/www.vynkdesign.com\/cs\/","name":"VYNK design","description":"","publisher":{"@id":"https:\/\/www.vynkdesign.com\/cs\/#organization"},"potentialAction":[{"@type":"SearchAction","target":{"@type":"EntryPoint","urlTemplate":"https:\/\/www.vynkdesign.com\/cs\/?s={search_term_string}"},"query-input":{"@type":"PropertyValueSpecification","valueRequired":true,"valueName":"search_term_string"}}],"inLanguage":"cs"},{"@type":"Organization","@id":"https:\/\/www.vynkdesign.com\/cs\/#organization","name":"VYNK design","url":"https:\/\/www.vynkdesign.com\/cs\/","logo":{"@type":"ImageObject","inLanguage":"cs","@id":"https:\/\/www.vynkdesign.com\/cs\/#\/schema\/logo\/image\/","url":"https:\/\/www.vynkdesign.com\/wp-content\/uploads\/2025\/09\/vynkdesign-logo.svg","contentUrl":"https:\/\/www.vynkdesign.com\/wp-content\/uploads\/2025\/09\/vynkdesign-logo.svg","width":808,"height":625,"caption":"VYNK design"},"image":{"@id":"https:\/\/www.vynkdesign.com\/cs\/#\/schema\/logo\/image\/"}}]}},"_links":{"self":[{"href":"https:\/\/www.vynkdesign.com\/cs\/wp-json\/wp\/v2\/pages\/252","targetHints":{"allow":["GET"]}}],"collection":[{"href":"https:\/\/www.vynkdesign.com\/cs\/wp-json\/wp\/v2\/pages"}],"about":[{"href":"https:\/\/www.vynkdesign.com\/cs\/wp-json\/wp\/v2\/types\/page"}],"author":[{"embeddable":true,"href":"https:\/\/www.vynkdesign.com\/cs\/wp-json\/wp\/v2\/users\/1"}],"replies":[{"embeddable":true,"href":"https:\/\/www.vynkdesign.com\/cs\/wp-json\/wp\/v2\/comments?post=252"}],"version-history":[{"count":55,"href":"https:\/\/www.vynkdesign.com\/cs\/wp-json\/wp\/v2\/pages\/252\/revisions"}],"predecessor-version":[{"id":664,"href":"https:\/\/www.vynkdesign.com\/cs\/wp-json\/wp\/v2\/pages\/252\/revisions\/664"}],"wp:attachment":[{"href":"https:\/\/www.vynkdesign.com\/cs\/wp-json\/wp\/v2\/media?parent=252"}],"curies":[{"name":"wp","href":"https:\/\/api.w.org\/{rel}","templated":true}]}}